{"id":10,"date":"2021-03-21T16:42:11","date_gmt":"2021-03-21T22:42:11","guid":{"rendered":"https:\/\/levelwork.mx\/leon-conocenos\/?page_id=10"},"modified":"2023-09-07T17:02:05","modified_gmt":"2023-09-07T23:02:05","slug":"leon","status":"publish","type":"page","link":"https:\/\/levelwork.mx\/leon-conocenos\/","title":{"rendered":"Le\u00f3n"},"content":{"rendered":"","protected":false},"excerpt":{"rendered":"","protected":false},"author":4,"featured_media":0,"parent":0,"menu_order":7,"comment_status":"closed","ping_status":"closed","template":"templates\/Leon.php","meta":[],"acf":[],"yoast_head":"<!-- This site is optimized with the Yoast SEO plugin v21.0 - https:\/\/yoast.com\/wordpress\/plugins\/seo\/ -->\n<title>Oficinas en venta en Le\u00f3n - Desde $1.5 MDP - Level Work<\/title>\n<meta name=\"description\" content=\"Oficinas en venta en Le\u00f3n, Guanajuato. Una zona estrat\u00e9gica con cercan\u00eda a las ciudades m\u00e1s importantes del comercio y la econom\u00eda mexicana.\" \/>\n<meta name=\"robots\" content=\"index, follow, max-snippet:-1, max-image-preview:large, max-video-preview:-1\" \/>\n<link rel=\"canonical\" href=\"https:\/\/levelwork.mx\/leon-conocenos\/\" \/>\n<meta property=\"og:locale\" content=\"es_MX\" \/>\n<meta property=\"og:type\" content=\"article\" \/>\n<meta property=\"og:title\" content=\"Oficinas en venta en Le\u00f3n - Desde $1.5 MDP - Level Work\" \/>\n<meta property=\"og:description\" content=\"Oficinas en venta en Le\u00f3n, Guanajuato. Una zona estrat\u00e9gica con cercan\u00eda a las ciudades m\u00e1s importantes del comercio y la econom\u00eda mexicana.\" \/>\n<meta property=\"og:url\" content=\"https:\/\/levelwork.mx\/leon-conocenos\/\" \/>\n<meta property=\"og:site_name\" content=\"Level Work\" \/>\n<meta property=\"article:modified_time\" content=\"2023-09-07T23:02:05+00:00\" \/>\n<meta name=\"twitter:card\" content=\"summary_large_image\" \/>\n<script type=\"application\/ld+json\" class=\"yoast-schema-graph\">{\"@context\":\"https:\/\/schema.org\",\"@graph\":[{\"@type\":\"WebPage\",\"@id\":\"https:\/\/levelwork.mx\/leon-conocenos\/\",\"url\":\"https:\/\/levelwork.mx\/leon-conocenos\/\",\"name\":\"Oficinas en venta en Le\u00f3n - Desde $1.5 MDP - Level Work\",\"isPartOf\":{\"@id\":\"https:\/\/levelwork.mx\/leon-conocenos\/#website\"},\"datePublished\":\"2021-03-21T22:42:11+00:00\",\"dateModified\":\"2023-09-07T23:02:05+00:00\",\"description\":\"Oficinas en venta en Le\u00f3n, Guanajuato. Una zona estrat\u00e9gica con cercan\u00eda a las ciudades m\u00e1s importantes del comercio y la econom\u00eda mexicana.\",\"breadcrumb\":{\"@id\":\"https:\/\/levelwork.mx\/leon-conocenos\/#breadcrumb\"},\"inLanguage\":\"es-MX\",\"potentialAction\":[{\"@type\":\"ReadAction\",\"target\":[\"https:\/\/levelwork.mx\/leon-conocenos\/\"]}]},{\"@type\":\"BreadcrumbList\",\"@id\":\"https:\/\/levelwork.mx\/leon-conocenos\/#breadcrumb\",\"itemListElement\":[{\"@type\":\"ListItem\",\"position\":1,\"name\":\"Inicio\",\"item\":\"https:\/\/levelwork.mx\/leon-conocenos\/\"},{\"@type\":\"ListItem\",\"position\":2,\"name\":\"Le\u00f3n\"}]},{\"@type\":\"WebSite\",\"@id\":\"https:\/\/levelwork.mx\/leon-conocenos\/#website\",\"url\":\"https:\/\/levelwork.mx\/leon-conocenos\/\",\"name\":\"Level Work\",\"description\":\"Levelwork es un complejo de oficinas en preventa, dise\u00f1ado para los equipos de trabajo del Siglo XXI.\",\"publisher\":{\"@id\":\"https:\/\/levelwork.mx\/leon-conocenos\/#organization\"},\"potentialAction\":[{\"@type\":\"SearchAction\",\"target\":{\"@type\":\"EntryPoint\",\"urlTemplate\":\"https:\/\/levelwork.mx\/leon-conocenos\/?s={search_term_string}\"},\"query-input\":\"required name=search_term_string\"}],\"inLanguage\":\"es-MX\"},{\"@type\":\"Organization\",\"@id\":\"https:\/\/levelwork.mx\/leon-conocenos\/#organization\",\"name\":\"LevelWork\",\"url\":\"https:\/\/levelwork.mx\/leon-conocenos\/\",\"logo\":{\"@type\":\"ImageObject\",\"inLanguage\":\"es-MX\",\"@id\":\"https:\/\/levelwork.mx\/leon-conocenos\/#\/schema\/logo\/image\/\",\"url\":\"https:\/\/levelwork.mx\/leon-conocenos\/wp-content\/uploads\/2022\/08\/level-logo.jpg\",\"contentUrl\":\"https:\/\/levelwork.mx\/leon-conocenos\/wp-content\/uploads\/2022\/08\/level-logo.jpg\",\"width\":512,\"height\":512,\"caption\":\"LevelWork\"},\"image\":{\"@id\":\"https:\/\/levelwork.mx\/leon-conocenos\/#\/schema\/logo\/image\/\"}}]}<\/script>\n<!-- \/ Yoast SEO plugin. -->","yoast_head_json":{"title":"Oficinas en venta en Le\u00f3n - Desde $1.5 MDP - Level Work","description":"Oficinas en venta en Le\u00f3n, Guanajuato. Una zona estrat\u00e9gica con cercan\u00eda a las ciudades m\u00e1s importantes del comercio y la econom\u00eda mexicana.","robots":{"index":"index","follow":"follow","max-snippet":"max-snippet:-1","max-image-preview":"max-image-preview:large","max-video-preview":"max-video-preview:-1"},"canonical":"https:\/\/levelwork.mx\/leon-conocenos\/","og_locale":"es_MX","og_type":"article","og_title":"Oficinas en venta en Le\u00f3n - Desde $1.5 MDP - Level Work","og_description":"Oficinas en venta en Le\u00f3n, Guanajuato. Una zona estrat\u00e9gica con cercan\u00eda a las ciudades m\u00e1s importantes del comercio y la econom\u00eda mexicana.","og_url":"https:\/\/levelwork.mx\/leon-conocenos\/","og_site_name":"Level Work","article_modified_time":"2023-09-07T23:02:05+00:00","twitter_card":"summary_large_image","schema":{"@context":"https:\/\/schema.org","@graph":[{"@type":"WebPage","@id":"https:\/\/levelwork.mx\/leon-conocenos\/","url":"https:\/\/levelwork.mx\/leon-conocenos\/","name":"Oficinas en venta en Le\u00f3n - Desde $1.5 MDP - Level Work","isPartOf":{"@id":"https:\/\/levelwork.mx\/leon-conocenos\/#website"},"datePublished":"2021-03-21T22:42:11+00:00","dateModified":"2023-09-07T23:02:05+00:00","description":"Oficinas en venta en Le\u00f3n, Guanajuato. Una zona estrat\u00e9gica con cercan\u00eda a las ciudades m\u00e1s importantes del comercio y la econom\u00eda mexicana.","breadcrumb":{"@id":"https:\/\/levelwork.mx\/leon-conocenos\/#breadcrumb"},"inLanguage":"es-MX","potentialAction":[{"@type":"ReadAction","target":["https:\/\/levelwork.mx\/leon-conocenos\/"]}]},{"@type":"BreadcrumbList","@id":"https:\/\/levelwork.mx\/leon-conocenos\/#breadcrumb","itemListElement":[{"@type":"ListItem","position":1,"name":"Inicio","item":"https:\/\/levelwork.mx\/leon-conocenos\/"},{"@type":"ListItem","position":2,"name":"Le\u00f3n"}]},{"@type":"WebSite","@id":"https:\/\/levelwork.mx\/leon-conocenos\/#website","url":"https:\/\/levelwork.mx\/leon-conocenos\/","name":"Level Work","description":"Levelwork es un complejo de oficinas en preventa, dise\u00f1ado para los equipos de trabajo del Siglo XXI.","publisher":{"@id":"https:\/\/levelwork.mx\/leon-conocenos\/#organization"},"potentialAction":[{"@type":"SearchAction","target":{"@type":"EntryPoint","urlTemplate":"https:\/\/levelwork.mx\/leon-conocenos\/?s={search_term_string}"},"query-input":"required name=search_term_string"}],"inLanguage":"es-MX"},{"@type":"Organization","@id":"https:\/\/levelwork.mx\/leon-conocenos\/#organization","name":"LevelWork","url":"https:\/\/levelwork.mx\/leon-conocenos\/","logo":{"@type":"ImageObject","inLanguage":"es-MX","@id":"https:\/\/levelwork.mx\/leon-conocenos\/#\/schema\/logo\/image\/","url":"https:\/\/levelwork.mx\/leon-conocenos\/wp-content\/uploads\/2022\/08\/level-logo.jpg","contentUrl":"https:\/\/levelwork.mx\/leon-conocenos\/wp-content\/uploads\/2022\/08\/level-logo.jpg","width":512,"height":512,"caption":"LevelWork"},"image":{"@id":"https:\/\/levelwork.mx\/leon-conocenos\/#\/schema\/logo\/image\/"}}]}},"_links":{"self":[{"href":"https:\/\/levelwork.mx\/leon-conocenos\/wp-json\/wp\/v2\/pages\/10"}],"collection":[{"href":"https:\/\/levelwork.mx\/leon-conocenos\/wp-json\/wp\/v2\/pages"}],"about":[{"href":"https:\/\/levelwork.mx\/leon-conocenos\/wp-json\/wp\/v2\/types\/page"}],"author":[{"embeddable":true,"href":"https:\/\/levelwork.mx\/leon-conocenos\/wp-json\/wp\/v2\/users\/4"}],"replies":[{"embeddable":true,"href":"https:\/\/levelwork.mx\/leon-conocenos\/wp-json\/wp\/v2\/comments?post=10"}],"version-history":[{"count":1,"href":"https:\/\/levelwork.mx\/leon-conocenos\/wp-json\/wp\/v2\/pages\/10\/revisions"}],"predecessor-version":[{"id":306,"href":"https:\/\/levelwork.mx\/leon-conocenos\/wp-json\/wp\/v2\/pages\/10\/revisions\/306"}],"wp:attachment":[{"href":"https:\/\/levelwork.mx\/leon-conocenos\/wp-json\/wp\/v2\/media?parent=10"}],"curies":[{"name":"wp","href":"https:\/\/api.w.org\/{rel}","templated":true}]}}